{"id":21414,"date":"2024-06-24T13:35:25","date_gmt":"2024-06-24T13:35:25","guid":{"rendered":"https:\/\/demo.cservegroup.com\/maisoportunidades\/?page_id=21414"},"modified":"2024-06-24T13:45:00","modified_gmt":"2024-06-24T13:45:00","slug":"areas-geograficas","status":"publish","type":"page","link":"https:\/\/demo.cservegroup.com\/maisoportunidades\/areas-geograficas\/","title":{"rendered":"\u00c1reas Geogr\u00e1ficas"},"content":{"rendered":"\t\t<div data-elementor-type=\"wp-page\" data-elementor-id=\"21414\" class=\"elementor elementor-21414\" data-elementor-post-type=\"page\">\n\t\t\t\t\t\t<section data-particle_enable=\"false\" data-particle-mobile-disabled=\"false\" class=\"elementor-section elementor-top-section elementor-element elementor-element-7175f44 elementor-section-boxed elementor-section-height-default elementor-section-height-default\" data-id=\"7175f44\" data-element_type=\"section\">\n\t\t\t\t\t\t<div class=\"elementor-container elementor-column-gap-wider\">\n\t\t\t\t\t<div class=\"elementor-column elementor-col-50 elementor-top-column elementor-element elementor-element-c2e4853\" data-id=\"c2e4853\" data-element_type=\"column\">\n\t\t\t<div class=\"elementor-widget-wrap elementor-element-populated\">\n\t\t\t\t\t\t<div class=\"elementor-element elementor-element-348b790 elementor-widget elementor-widget-heading\" data-id=\"348b790\" data-element_type=\"widget\" data-widget_type=\"heading.default\">\n\t\t\t\t<div class=\"elementor-widget-container\">\n\t\t\t<style>\/*! elementor - v3.23.0 - 15-07-2024 *\/\n.elementor-heading-title{padding:0;margin:0;line-height:1}.elementor-widget-heading .elementor-heading-title[class*=elementor-size-]>a{color:inherit;font-size:inherit;line-height:inherit}.elementor-widget-heading .elementor-heading-title.elementor-size-small{font-size:15px}.elementor-widget-heading .elementor-heading-title.elementor-size-medium{font-size:19px}.elementor-widget-heading .elementor-heading-title.elementor-size-large{font-size:29px}.elementor-widget-heading .elementor-heading-title.elementor-size-xl{font-size:39px}.elementor-widget-heading .elementor-heading-title.elementor-size-xxl{font-size:59px}<\/style><h1 class=\"elementor-heading-title elementor-size-default\">Regi\u00f5es-alvo e setores-chave<\/h1>\t\t<\/div>\n\t\t\t\t<\/div>\n\t\t\t\t<div class=\"elementor-element elementor-element-21b0cfa elementor-widget elementor-widget-text-editor\" data-id=\"21b0cfa\" data-element_type=\"widget\" data-widget_type=\"text-editor.default\">\n\t\t\t\t<div class=\"elementor-widget-container\">\n\t\t\t<style>\/*! elementor - v3.23.0 - 15-07-2024 *\/\n.elementor-widget-text-editor.elementor-drop-cap-view-stacked .elementor-drop-cap{background-color:#69727d;color:#fff}.elementor-widget-text-editor.elementor-drop-cap-view-framed .elementor-drop-cap{color:#69727d;border:3px solid;background-color:transparent}.elementor-widget-text-editor:not(.elementor-drop-cap-view-default) .elementor-drop-cap{margin-top:8px}.elementor-widget-text-editor:not(.elementor-drop-cap-view-default) .elementor-drop-cap-letter{width:1em;height:1em}.elementor-widget-text-editor .elementor-drop-cap{float:left;text-align:center;line-height:1;font-size:50px}.elementor-widget-text-editor .elementor-drop-cap-letter{display:inline-block}<\/style>\t\t\t\tO projecto MAIS OPORTUNIDADES est\u00e1 estrategicamente focado em melhorar o desenvolvimento econ\u00f3mico em regi\u00f5es priorit\u00e1rias em Mo\u00e7ambique. Os nossos esfor\u00e7os est\u00e3o concentrados em \u00e1reas geogr\u00e1ficas espec\u00edficas e setores-chave que s\u00e3o cruciais para o crescimento e desenvolvimento sustent\u00e1veis.\t\t\t\t\t\t<\/div>\n\t\t\t\t<\/div>\n\t\t\t\t\t<\/div>\n\t\t<\/div>\n\t\t\t\t<div class=\"elementor-column elementor-col-50 elementor-top-column elementor-element elementor-element-e7b031e\" data-id=\"e7b031e\" data-element_type=\"column\">\n\t\t\t<div class=\"elementor-widget-wrap elementor-element-populated\">\n\t\t\t\t\t\t<div class=\"elementor-element elementor-element-b9bb42f elementor-widget elementor-widget-image\" data-id=\"b9bb42f\" data-element_type=\"widget\" data-widget_type=\"image.default\">\n\t\t\t\t<div class=\"elementor-widget-container\">\n\t\t\t<style>\/*! elementor - v3.23.0 - 15-07-2024 *\/\n.elementor-widget-image{text-align:center}.elementor-widget-image a{display:inline-block}.elementor-widget-image a img[src$=\".svg\"]{width:48px}.elementor-widget-image img{vertical-align:middle;display:inline-block}<\/style>\t\t\t\t\t\t\t\t\t\t<img fetchpriority=\"high\" decoding=\"async\" width=\"919\" height=\"620\" src=\"https:\/\/demo.cservegroup.com\/maisoportunidades\/wp-content\/uploads\/2024\/06\/Geographic-Areas-1.png\" class=\"attachment-full size-full wp-image-21428\" alt=\"\" srcset=\"https:\/\/demo.cservegroup.com\/maisoportunidades\/wp-content\/uploads\/2024\/06\/Geographic-Areas-1.png 919w, https:\/\/demo.cservegroup.com\/maisoportunidades\/wp-content\/uploads\/2024\/06\/Geographic-Areas-1-300x202.png 300w, https:\/\/demo.cservegroup.com\/maisoportunidades\/wp-content\/uploads\/2024\/06\/Geographic-Areas-1-768x518.png 768w, https:\/\/demo.cservegroup.com\/maisoportunidades\/wp-content\/uploads\/2024\/06\/Geographic-Areas-1-18x12.png 18w\" sizes=\"(max-width: 34.9rem) calc(100vw - 2rem), (max-width: 53rem) calc(8 * (100vw \/ 12)), (min-width: 53rem) calc(6 * (100vw \/ 12)), 100vw\" \/>\t\t\t\t\t\t\t\t\t\t\t\t\t<\/div>\n\t\t\t\t<\/div>\n\t\t\t\t\t<\/div>\n\t\t<\/div>\n\t\t\t\t\t<\/div>\n\t\t<\/section>\n\t\t\t\t<section data-particle_enable=\"false\" data-particle-mobile-disabled=\"false\" class=\"elementor-section elementor-top-section elementor-element elementor-element-6ad7c14 elementor-section-stretched elementor-section-boxed elementor-section-height-default elementor-section-height-default\" data-id=\"6ad7c14\" data-element_type=\"section\" data-settings=\"{&quot;stretch_section&quot;:&quot;section-stretched&quot;,&quot;background_background&quot;:&quot;classic&quot;}\">\n\t\t\t\t\t\t<div class=\"elementor-container elementor-column-gap-default\">\n\t\t\t\t\t<div class=\"elementor-column elementor-col-100 elementor-top-column elementor-element elementor-element-6a90cee\" data-id=\"6a90cee\" data-element_type=\"column\">\n\t\t\t<div class=\"elementor-widget-wrap elementor-element-populated\">\n\t\t\t\t\t\t<div class=\"elementor-element elementor-element-1b67d43 elementor-widget elementor-widget-heading\" data-id=\"1b67d43\" data-element_type=\"widget\" data-widget_type=\"heading.default\">\n\t\t\t\t<div class=\"elementor-widget-container\">\n\t\t\t<h2 class=\"elementor-heading-title elementor-size-default\">Areas Geograficas e Sectores do projecto<\/h2>\t\t<\/div>\n\t\t\t\t<\/div>\n\t\t\t\t<div class=\"elementor-element elementor-element-c6a9216 elementor-widget elementor-widget-text-editor\" data-id=\"c6a9216\" data-element_type=\"widget\" data-widget_type=\"text-editor.default\">\n\t\t\t\t<div class=\"elementor-widget-container\">\n\t\t\t\t\t\t\t<p>O nosso projeto enfatiza interven\u00e7\u00f5es direcionadas nas seguintes regi\u00f5es priorit\u00e1rias:<\/p>\t\t\t\t\t\t<\/div>\n\t\t\t\t<\/div>\n\t\t\t\t<section data-particle_enable=\"false\" data-particle-mobile-disabled=\"false\" class=\"elementor-section elementor-inner-section elementor-element elementor-element-bae084c elementor-section-boxed elementor-section-height-default elementor-section-height-default\" data-id=\"bae084c\" data-element_type=\"section\">\n\t\t\t\t\t\t<div class=\"elementor-container elementor-column-gap-default\">\n\t\t\t\t\t<div class=\"elementor-column elementor-col-50 elementor-inner-column elementor-element elementor-element-b669fd9\" data-id=\"b669fd9\" data-element_type=\"column\">\n\t\t\t<div class=\"elementor-widget-wrap elementor-element-populated\">\n\t\t\t\t\t\t<div class=\"elementor-element elementor-element-943af53 elementor-vertical-align-top elementor-widget elementor-widget-icon-box\" data-id=\"943af53\" data-element_type=\"widget\" data-widget_type=\"icon-box.default\">\n\t\t\t\t<div class=\"elementor-widget-container\">\n\t\t\t<link rel=\"stylesheet\" href=\"https:\/\/demo.cservegroup.com\/maisoportunidades\/wp-content\/plugins\/elementor\/assets\/css\/widget-icon-box.min.css\">\t\t<div class=\"elementor-icon-box-wrapper\">\n\n\t\t\t\n\t\t\t\t\t\t<div class=\"elementor-icon-box-content\">\n\n\t\t\t\t\t\t\t\t\t<h5 class=\"elementor-icon-box-title\">\n\t\t\t\t\t\t<span  >\n\t\t\t\t\t\t\tSetor 1: Agricultura\t\t\t\t\t\t<\/span>\n\t\t\t\t\t<\/h5>\n\t\t\t\t\n\t\t\t\t\t\t\t\t\t<p class=\"elementor-icon-box-description\">\n\t\t\t\t\t\tMelhoramos a produtividade e o acesso ao mercado para os pequenos agricultores atrav\u00e9s de t\u00e9cnicas agr\u00edcolas modernas, desenvolvimento de infra-estruturas e programas de forma\u00e7\u00e3o. Nosso objetivo \u00e9 aumentar a renda, reduzir as perdas p\u00f3s-colheita e promover pr\u00e1ticas sustent\u00e1veis.\t\t\t\t\t<\/p>\n\t\t\t\t\n\t\t\t<\/div>\n\t\t\t\n\t\t<\/div>\n\t\t\t\t<\/div>\n\t\t\t\t<\/div>\n\t\t\t\t<div class=\"elementor-element elementor-element-8f64015 elementor-vertical-align-top elementor-widget elementor-widget-icon-box\" data-id=\"8f64015\" data-element_type=\"widget\" data-widget_type=\"icon-box.default\">\n\t\t\t\t<div class=\"elementor-widget-container\">\n\t\t\t\t\t<div class=\"elementor-icon-box-wrapper\">\n\n\t\t\t\n\t\t\t\t\t\t<div class=\"elementor-icon-box-content\">\n\n\t\t\t\t\t\t\t\t\t<h5 class=\"elementor-icon-box-title\">\n\t\t\t\t\t\t<span  >\n\t\t\t\t\t\t\tSetor 2: PMEs (Pequenas e M\u00e9dias Empresas)\t\t\t\t\t\t<\/span>\n\t\t\t\t\t<\/h5>\n\t\t\t\t\n\t\t\t\t\t\t\t\t\t<p class=\"elementor-icon-box-description\">\n\t\t\t\t\t\tApoiar o crescimento e a integra\u00e7\u00e3o das PME na cadeia de valor \u00e9 crucial para o desenvolvimento econ\u00f3mico. Fornecemos financiamento, recursos e orienta\u00e7\u00e3o para ajudar as PME a crescer, criar empregos e impulsionar as economias locais.\t\t\t\t\t<\/p>\n\t\t\t\t\n\t\t\t<\/div>\n\t\t\t\n\t\t<\/div>\n\t\t\t\t<\/div>\n\t\t\t\t<\/div>\n\t\t\t\t<div class=\"elementor-element elementor-element-9921d2c elementor-vertical-align-top elementor-widget elementor-widget-icon-box\" data-id=\"9921d2c\" data-element_type=\"widget\" data-widget_type=\"icon-box.default\">\n\t\t\t\t<div class=\"elementor-widget-container\">\n\t\t\t\t\t<div class=\"elementor-icon-box-wrapper\">\n\n\t\t\t\n\t\t\t\t\t\t<div class=\"elementor-icon-box-content\">\n\n\t\t\t\t\t\t\t\t\t<h5 class=\"elementor-icon-box-title\">\n\t\t\t\t\t\t<span  >\n\t\t\t\t\t\t\tSetor 3: Tecnologia\t\t\t\t\t\t<\/span>\n\t\t\t\t\t<\/h5>\n\t\t\t\t\n\t\t\t\t\t\t\t\t\t<p class=\"elementor-icon-box-description\">\n\t\t\t\t\t\tPromover a transforma\u00e7\u00e3o digital e a ado\u00e7\u00e3o tecnol\u00f3gica em todos os setores \u00e9 um foco principal. Investimos em ferramentas digitais, treinamento e infraestrutura que permitem que as empresas se tornem mais eficientes, competitivas e sustent\u00e1veis.\t\t\t\t\t<\/p>\n\t\t\t\t\n\t\t\t<\/div>\n\t\t\t\n\t\t<\/div>\n\t\t\t\t<\/div>\n\t\t\t\t<\/div>\n\t\t\t\t\t<\/div>\n\t\t<\/div>\n\t\t\t\t<div class=\"elementor-column elementor-col-50 elementor-inner-column elementor-element elementor-element-a467aa6\" data-id=\"a467aa6\" data-element_type=\"column\">\n\t\t\t<div class=\"elementor-widget-wrap elementor-element-populated\">\n\t\t\t\t\t\t<div class=\"elementor-element elementor-element-5388fc3 elementor-widget elementor-widget-image\" data-id=\"5388fc3\" data-element_type=\"widget\" data-widget_type=\"image.default\">\n\t\t\t\t<div class=\"elementor-widget-container\">\n\t\t\t\t\t\t\t\t\t\t\t\t\t<img decoding=\"async\" width=\"782\" height=\"710\" src=\"https:\/\/demo.cservegroup.com\/maisoportunidades\/wp-content\/uploads\/2024\/06\/Geographic-Areas.svg\" class=\"attachment-full size-full wp-image-21429\" alt=\"\" sizes=\"(max-width: 34.9rem) calc(100vw - 2rem), (max-width: 53rem) calc(8 * (100vw \/ 12)), (min-width: 53rem) calc(6 * (100vw \/ 12)), 100vw\" \/>\t\t\t\t\t\t\t\t\t\t\t\t\t<\/div>\n\t\t\t\t<\/div>\n\t\t\t\t\t<\/div>\n\t\t<\/div>\n\t\t\t\t\t<\/div>\n\t\t<\/section>\n\t\t\t\t\t<\/div>\n\t\t<\/div>\n\t\t\t\t\t<\/div>\n\t\t<\/section>\n\t\t\t\t<\/div>\n\t\t","protected":false},"excerpt":{"rendered":"<p>Regi\u00f5es-alvo e setores-chave O projecto MAIS OPORTUNIDADES est\u00e1 estrategicamente focado em melhorar o desenvolvimento econ\u00f3mico em regi\u00f5es priorit\u00e1rias em Mo\u00e7ambique. Os nossos esfor\u00e7os est\u00e3o concentrados em \u00e1reas geogr\u00e1ficas espec\u00edficas e setores-chave que s\u00e3o cruciais para o crescimento e desenvolvimento sustent\u00e1veis. Areas Geograficas e Sectores do projecto O nosso projeto enfatiza interven\u00e7\u00f5es direcionadas nas seguintes regi\u00f5es [&hellip;]<\/p>\n","protected":false},"author":1,"featured_media":0,"parent":0,"menu_order":0,"comment_status":"closed","ping_status":"closed","template":"","meta":{"_acf_changed":false,"footnotes":""},"class_list":["post-21414","page","type-page","status-publish","hentry","entry"],"acf":[],"_links":{"self":[{"href":"https:\/\/demo.cservegroup.com\/maisoportunidades\/wp-json\/wp\/v2\/pages\/21414","targetHints":{"allow":["GET"]}}],"collection":[{"href":"https:\/\/demo.cservegroup.com\/maisoportunidades\/wp-json\/wp\/v2\/pages"}],"about":[{"href":"https:\/\/demo.cservegroup.com\/maisoportunidades\/wp-json\/wp\/v2\/types\/page"}],"author":[{"embeddable":true,"href":"https:\/\/demo.cservegroup.com\/maisoportunidades\/wp-json\/wp\/v2\/users\/1"}],"replies":[{"embeddable":true,"href":"https:\/\/demo.cservegroup.com\/maisoportunidades\/wp-json\/wp\/v2\/comments?post=21414"}],"version-history":[{"count":0,"href":"https:\/\/demo.cservegroup.com\/maisoportunidades\/wp-json\/wp\/v2\/pages\/21414\/revisions"}],"wp:attachment":[{"href":"https:\/\/demo.cservegroup.com\/maisoportunidades\/wp-json\/wp\/v2\/media?parent=21414"}],"curies":[{"name":"wp","href":"https:\/\/api.w.org\/{rel}","templated":true}]}}