{"id":21945,"date":"2024-06-25T11:20:35","date_gmt":"2024-06-25T11:20:35","guid":{"rendered":"https:\/\/demo.cservegroup.com\/maisoportunidades\/?page_id=21945"},"modified":"2025-07-22T12:04:48","modified_gmt":"2025-07-22T12:04:48","slug":"3-oportunidades-disponiveis-para-pmes","status":"publish","type":"page","link":"https:\/\/demo.cservegroup.com\/maisoportunidades\/3-oportunidades-disponiveis-para-pmes\/","title":{"rendered":"3 oportunidades dispon\u00edveis para PMEs"},"content":{"rendered":"\t\t<div data-elementor-type=\"wp-page\" data-elementor-id=\"21945\" class=\"elementor elementor-21945\" data-elementor-post-type=\"page\">\n\t\t\t\t\t\t<section data-particle_enable=\"false\" data-particle-mobile-disabled=\"false\" class=\"elementor-section elementor-top-section elementor-element elementor-element-7bc2664 elementor-section-boxed elementor-section-height-default elementor-section-height-default\" data-id=\"7bc2664\" data-element_type=\"section\">\n\t\t\t\t\t\t<div class=\"elementor-container elementor-column-gap-wider\">\n\t\t\t\t\t<div class=\"elementor-column elementor-col-50 elementor-top-column elementor-element elementor-element-c7fd008\" data-id=\"c7fd008\" data-element_type=\"column\">\n\t\t\t<div class=\"elementor-widget-wrap elementor-element-populated\">\n\t\t\t\t\t\t<div class=\"elementor-element elementor-element-250eea0 elementor-widget elementor-widget-text-editor\" data-id=\"250eea0\" data-element_type=\"widget\" data-widget_type=\"text-editor.default\">\n\t\t\t\t<div class=\"elementor-widget-container\">\n\t\t\t<style>\/*! elementor - v3.23.0 - 15-07-2024 *\/\n.elementor-widget-text-editor.elementor-drop-cap-view-stacked .elementor-drop-cap{background-color:#69727d;color:#fff}.elementor-widget-text-editor.elementor-drop-cap-view-framed .elementor-drop-cap{color:#69727d;border:3px solid;background-color:transparent}.elementor-widget-text-editor:not(.elementor-drop-cap-view-default) .elementor-drop-cap{margin-top:8px}.elementor-widget-text-editor:not(.elementor-drop-cap-view-default) .elementor-drop-cap-letter{width:1em;height:1em}.elementor-widget-text-editor .elementor-drop-cap{float:left;text-align:center;line-height:1;font-size:50px}.elementor-widget-text-editor .elementor-drop-cap-letter{display:inline-block}<\/style>\t\t\t\t<p>COMO PARTICIPAR PARA EMPRESAS<\/p><p><strong>Apresentando as 3 oportunidades dispon\u00edveis para as PME<\/strong><\/p><p>\u00a0<\/p><h6>Explore oportunidades para PMEs<\/h6>\t\t\t\t\t\t<\/div>\n\t\t\t\t<\/div>\n\t\t\t\t<div class=\"elementor-element elementor-element-55a9ff8 elementor-widget elementor-widget-heading\" data-id=\"55a9ff8\" data-element_type=\"widget\" data-widget_type=\"heading.default\">\n\t\t\t\t<div class=\"elementor-widget-container\">\n\t\t\t<style>\/*! elementor - v3.23.0 - 15-07-2024 *\/\n.elementor-heading-title{padding:0;margin:0;line-height:1}.elementor-widget-heading .elementor-heading-title[class*=elementor-size-]>a{color:inherit;font-size:inherit;line-height:inherit}.elementor-widget-heading .elementor-heading-title.elementor-size-small{font-size:15px}.elementor-widget-heading .elementor-heading-title.elementor-size-medium{font-size:19px}.elementor-widget-heading .elementor-heading-title.elementor-size-large{font-size:29px}.elementor-widget-heading .elementor-heading-title.elementor-size-xl{font-size:39px}.elementor-widget-heading .elementor-heading-title.elementor-size-xxl{font-size:59px}<\/style><h1 class=\"elementor-heading-title elementor-size-default\">Apresentando as oportunidades dispon\u00edveis para as PMEs<\/h1>\t\t<\/div>\n\t\t\t\t<\/div>\n\t\t\t\t<div class=\"elementor-element elementor-element-d2922b6 elementor-widget elementor-widget-text-editor\" data-id=\"d2922b6\" data-element_type=\"widget\" data-widget_type=\"text-editor.default\">\n\t\t\t\t<div class=\"elementor-widget-container\">\n\t\t\t\t\t\t\t<p>Lorem ipsum dolor sit amet consectetur. Praesent ut rutrum diam turpis amet cum quis luctus. Pharetra eget est dui pellentesque gravida. Nunc gravida arcu consectetur nibh aliquam urna ridiculus ut. Pharetra ut dui neque tortor risus sed non porta purus.<\/p>\t\t\t\t\t\t<\/div>\n\t\t\t\t<\/div>\n\t\t\t\t\t<\/div>\n\t\t<\/div>\n\t\t\t\t<div class=\"elementor-column elementor-col-50 elementor-top-column elementor-element elementor-element-dfe446a\" data-id=\"dfe446a\" data-element_type=\"column\">\n\t\t\t<div class=\"elementor-widget-wrap elementor-element-populated\">\n\t\t\t\t\t\t<div class=\"elementor-element elementor-element-0bdbdd6 elementor-widget elementor-widget-image\" data-id=\"0bdbdd6\" data-element_type=\"widget\" data-widget_type=\"image.default\">\n\t\t\t\t<div class=\"elementor-widget-container\">\n\t\t\t<style>\/*! elementor - v3.23.0 - 15-07-2024 *\/\n.elementor-widget-image{text-align:center}.elementor-widget-image a{display:inline-block}.elementor-widget-image a img[src$=\".svg\"]{width:48px}.elementor-widget-image img{vertical-align:middle;display:inline-block}<\/style>\t\t\t\t\t\t\t\t\t\t<img fetchpriority=\"high\" decoding=\"async\" width=\"919\" height=\"620\" src=\"https:\/\/demo.cservegroup.com\/maisoportunidades\/wp-content\/uploads\/2024\/06\/3-oportunidades-disponiveis-para-PMEs.png\" class=\"attachment-full size-full wp-image-21951\" alt=\"\" srcset=\"https:\/\/demo.cservegroup.com\/maisoportunidades\/wp-content\/uploads\/2024\/06\/3-oportunidades-disponiveis-para-PMEs.png 919w, https:\/\/demo.cservegroup.com\/maisoportunidades\/wp-content\/uploads\/2024\/06\/3-oportunidades-disponiveis-para-PMEs-300x202.png 300w, https:\/\/demo.cservegroup.com\/maisoportunidades\/wp-content\/uploads\/2024\/06\/3-oportunidades-disponiveis-para-PMEs-768x518.png 768w, https:\/\/demo.cservegroup.com\/maisoportunidades\/wp-content\/uploads\/2024\/06\/3-oportunidades-disponiveis-para-PMEs-18x12.png 18w\" sizes=\"(max-width: 34.9rem) calc(100vw - 2rem), (max-width: 53rem) calc(8 * (100vw \/ 12)), (min-width: 53rem) calc(6 * (100vw \/ 12)), 100vw\" \/>\t\t\t\t\t\t\t\t\t\t\t\t\t<\/div>\n\t\t\t\t<\/div>\n\t\t\t\t\t<\/div>\n\t\t<\/div>\n\t\t\t\t\t<\/div>\n\t\t<\/section>\n\t\t\t\t<section data-particle_enable=\"false\" data-particle-mobile-disabled=\"false\" class=\"elementor-section elementor-top-section elementor-element elementor-element-670d821 elementor-section-stretched elementor-section-boxed elementor-section-height-default elementor-section-height-default\" data-id=\"670d821\" data-element_type=\"section\" data-settings=\"{&quot;stretch_section&quot;:&quot;section-stretched&quot;,&quot;background_background&quot;:&quot;classic&quot;}\">\n\t\t\t\t\t\t<div class=\"elementor-container elementor-column-gap-wider\">\n\t\t\t\t\t<div class=\"elementor-column elementor-col-50 elementor-top-column elementor-element elementor-element-56e3e8f\" data-id=\"56e3e8f\" data-element_type=\"column\">\n\t\t\t<div class=\"elementor-widget-wrap elementor-element-populated\">\n\t\t\t\t\t\t<div class=\"elementor-element elementor-element-d58f43c elementor-vertical-align-top elementor-widget elementor-widget-icon-box\" data-id=\"d58f43c\" data-element_type=\"widget\" data-widget_type=\"icon-box.default\">\n\t\t\t\t<div class=\"elementor-widget-container\">\n\t\t\t<link rel=\"stylesheet\" href=\"https:\/\/demo.cservegroup.com\/maisoportunidades\/wp-content\/plugins\/elementor\/assets\/css\/widget-icon-box.min.css\">\t\t<div class=\"elementor-icon-box-wrapper\">\n\n\t\t\t\n\t\t\t\t\t\t<div class=\"elementor-icon-box-content\">\n\n\t\t\t\t\t\t\t\t\t<h5 class=\"elementor-icon-box-title\">\n\t\t\t\t\t\t<span  >\n\t\t\t\t\t\t\tFase 1 de Capacita\u00e7\u00e3o\t\t\t\t\t\t<\/span>\n\t\t\t\t\t<\/h5>\n\t\t\t\t\n\t\t\t\t\t\t\t\t\t<p class=\"elementor-icon-box-description\">\n\t\t\t\t\t\tComece sua jornada com nosso programa de capacita\u00e7\u00e3o da Fase 1. Aprimore suas habilidades de neg\u00f3cios e efici\u00eancia operacional com treinamento e suporte essenciais.\t\t\t\t\t<\/p>\n\t\t\t\t\n\t\t\t<\/div>\n\t\t\t\n\t\t<\/div>\n\t\t\t\t<\/div>\n\t\t\t\t<\/div>\n\t\t\t\t<div class=\"elementor-element elementor-element-b86f4de elementor-vertical-align-top elementor-widget elementor-widget-icon-box\" data-id=\"b86f4de\" data-element_type=\"widget\" data-widget_type=\"icon-box.default\">\n\t\t\t\t<div class=\"elementor-widget-container\">\n\t\t\t\t\t<div class=\"elementor-icon-box-wrapper\">\n\n\t\t\t\n\t\t\t\t\t\t<div class=\"elementor-icon-box-content\">\n\n\t\t\t\t\t\t\t\t\t<h5 class=\"elementor-icon-box-title\">\n\t\t\t\t\t\t<span  >\n\t\t\t\t\t\t\tFase 2 Capacita\u00e7\u00e3o\t\t\t\t\t\t<\/span>\n\t\t\t\t\t<\/h5>\n\t\t\t\t\n\t\t\t\t\t\t\t\t\t<p class=\"elementor-icon-box-description\">\n\t\t\t\t\t\tLeve o seu neg\u00f3cio para o pr\u00f3ximo n\u00edvel com nosso programa avan\u00e7ado de capacita\u00e7\u00e3o de Fase 2. Obtenha habilidades especializadas e orienta\u00e7\u00e3o para ampliar suas opera\u00e7\u00f5es.\t\t\t\t\t<\/p>\n\t\t\t\t\n\t\t\t<\/div>\n\t\t\t\n\t\t<\/div>\n\t\t\t\t<\/div>\n\t\t\t\t<\/div>\n\t\t\t\t\t<\/div>\n\t\t<\/div>\n\t\t\t\t<div class=\"elementor-column elementor-col-50 elementor-top-column elementor-element elementor-element-b2ac56d\" data-id=\"b2ac56d\" data-element_type=\"column\">\n\t\t\t<div class=\"elementor-widget-wrap elementor-element-populated\">\n\t\t\t\t\t\t<div class=\"elementor-element elementor-element-734b19e elementor-widget elementor-widget-image\" data-id=\"734b19e\" data-element_type=\"widget\" data-widget_type=\"image.default\">\n\t\t\t\t<div class=\"elementor-widget-container\">\n\t\t\t\t\t\t\t\t\t\t\t\t\t<img decoding=\"async\" width=\"918\" height=\"522\" src=\"https:\/\/demo.cservegroup.com\/maisoportunidades\/wp-content\/uploads\/2024\/06\/3-oportunidades-side-img.png\" class=\"attachment-full size-full wp-image-21971\" alt=\"\" srcset=\"https:\/\/demo.cservegroup.com\/maisoportunidades\/wp-content\/uploads\/2024\/06\/3-oportunidades-side-img.png 918w, https:\/\/demo.cservegroup.com\/maisoportunidades\/wp-content\/uploads\/2024\/06\/3-oportunidades-side-img-300x171.png 300w, https:\/\/demo.cservegroup.com\/maisoportunidades\/wp-content\/uploads\/2024\/06\/3-oportunidades-side-img-768x437.png 768w, https:\/\/demo.cservegroup.com\/maisoportunidades\/wp-content\/uploads\/2024\/06\/3-oportunidades-side-img-18x10.png 18w\" sizes=\"(max-width: 34.9rem) calc(100vw - 2rem), (max-width: 53rem) calc(8 * (100vw \/ 12)), (min-width: 53rem) calc(6 * (100vw \/ 12)), 100vw\" \/>\t\t\t\t\t\t\t\t\t\t\t\t\t<\/div>\n\t\t\t\t<\/div>\n\t\t\t\t\t<\/div>\n\t\t<\/div>\n\t\t\t\t\t<\/div>\n\t\t<\/section>\n\t\t\t\t<section data-particle_enable=\"false\" data-particle-mobile-disabled=\"false\" class=\"elementor-section elementor-top-section elementor-element elementor-element-09f7428 elementor-section-boxed elementor-section-height-default elementor-section-height-default\" data-id=\"09f7428\" data-element_type=\"section\">\n\t\t\t\t\t\t<div class=\"elementor-container elementor-column-gap-wider\">\n\t\t\t\t\t<div class=\"elementor-column elementor-col-50 elementor-top-column elementor-element elementor-element-383b833\" data-id=\"383b833\" data-element_type=\"column\">\n\t\t\t<div class=\"elementor-widget-wrap elementor-element-populated\">\n\t\t\t\t\t\t<div class=\"elementor-element elementor-element-cc69f61 elementor-widget elementor-widget-image\" data-id=\"cc69f61\" data-element_type=\"widget\" data-widget_type=\"image.default\">\n\t\t\t\t<div class=\"elementor-widget-container\">\n\t\t\t\t\t\t\t\t\t\t\t\t\t<img decoding=\"async\" width=\"533\" height=\"312\" src=\"https:\/\/demo.cservegroup.com\/maisoportunidades\/wp-content\/uploads\/2024\/06\/3-oportunidades-side-img-2.png\" class=\"attachment-full size-full wp-image-22000\" alt=\"\" srcset=\"https:\/\/demo.cservegroup.com\/maisoportunidades\/wp-content\/uploads\/2024\/06\/3-oportunidades-side-img-2.png 533w, https:\/\/demo.cservegroup.com\/maisoportunidades\/wp-content\/uploads\/2024\/06\/3-oportunidades-side-img-2-300x176.png 300w, https:\/\/demo.cservegroup.com\/maisoportunidades\/wp-content\/uploads\/2024\/06\/3-oportunidades-side-img-2-18x12.png 18w\" sizes=\"(max-width: 34.9rem) calc(100vw - 2rem), (max-width: 53rem) calc(8 * (100vw \/ 12)), (min-width: 53rem) calc(6 * (100vw \/ 12)), 100vw\" \/>\t\t\t\t\t\t\t\t\t\t\t\t\t<\/div>\n\t\t\t\t<\/div>\n\t\t\t\t\t<\/div>\n\t\t<\/div>\n\t\t\t\t<div class=\"elementor-column elementor-col-50 elementor-top-column elementor-element elementor-element-f2e48d8\" data-id=\"f2e48d8\" data-element_type=\"column\">\n\t\t\t<div class=\"elementor-widget-wrap elementor-element-populated\">\n\t\t\t\t\t\t<div class=\"elementor-element elementor-element-440c4c0 elementor-vertical-align-top elementor-widget elementor-widget-icon-box\" data-id=\"440c4c0\" data-element_type=\"widget\" data-widget_type=\"icon-box.default\">\n\t\t\t\t<div class=\"elementor-widget-container\">\n\t\t\t\t\t<div class=\"elementor-icon-box-wrapper\">\n\n\t\t\t\n\t\t\t\t\t\t<div class=\"elementor-icon-box-content\">\n\n\t\t\t\t\t\t\t\t\t<h5 class=\"elementor-icon-box-title\">\n\t\t\t\t\t\t<span  >\n\t\t\t\t\t\t\tEsquemas de Subs\u00eddios Equivalentes\t\t\t\t\t\t<\/span>\n\t\t\t\t\t<\/h5>\n\t\t\t\t\n\t\t\t\t\t\t\t\t\t<p class=\"elementor-icon-box-description\">\n\t\t\t\t\t\tter acesso a apoio financeiro atrav\u00e9s do nosso esquema de subs\u00eddios correspondentes. Receba financiamento que corresponda ao seu investimento para ajudar seu neg\u00f3cio a crescer.\t\t\t\t\t<\/p>\n\t\t\t\t\n\t\t\t<\/div>\n\t\t\t\n\t\t<\/div>\n\t\t\t\t<\/div>\n\t\t\t\t<\/div>\n\t\t\t\t\t<\/div>\n\t\t<\/div>\n\t\t\t\t\t<\/div>\n\t\t<\/section>\n\t\t\t\t<section data-particle_enable=\"false\" data-particle-mobile-disabled=\"false\" class=\"elementor-section elementor-top-section elementor-element elementor-element-1ffb33e elementor-section-boxed elementor-section-height-default elementor-section-height-default\" data-id=\"1ffb33e\" data-element_type=\"section\">\n\t\t\t\t\t\t<div class=\"elementor-container elementor-column-gap-wider\">\n\t\t\t\t\t<div class=\"elementor-column elementor-col-50 elementor-top-column elementor-element elementor-element-1197a0a\" data-id=\"1197a0a\" data-element_type=\"column\">\n\t\t\t<div class=\"elementor-widget-wrap elementor-element-populated\">\n\t\t\t\t\t\t<div class=\"elementor-element elementor-element-74882cf elementor-vertical-align-top elementor-widget elementor-widget-icon-box\" data-id=\"74882cf\" data-element_type=\"widget\" data-widget_type=\"icon-box.default\">\n\t\t\t\t<div class=\"elementor-widget-container\">\n\t\t\t\t\t<div class=\"elementor-icon-box-wrapper\">\n\n\t\t\t\n\t\t\t\t\t\t<div class=\"elementor-icon-box-content\">\n\n\t\t\t\t\t\t\t\t\t<h5 class=\"elementor-icon-box-title\">\n\t\t\t\t\t\t<span  >\n\t\t\t\t\t\t\tAcesso ao financiamento (A2F) atrav\u00e9s do Fundo de Garantia\t\t\t\t\t\t<\/span>\n\t\t\t\t\t<\/h5>\n\t\t\t\t\n\t\t\t\t\t\t\t\t\t<p class=\"elementor-icon-box-description\">\n\t\t\t\t\t\tGaranta empr\u00e9stimos e cr\u00e9ditos com risco reduzido atrav\u00e9s do nosso Fundo de Garantia. Beneficie-se de apoio financeiro que o ajuda a investir no futuro do seu neg\u00f3cio.\t\t\t\t\t<\/p>\n\t\t\t\t\n\t\t\t<\/div>\n\t\t\t\n\t\t<\/div>\n\t\t\t\t<\/div>\n\t\t\t\t<\/div>\n\t\t\t\t\t<\/div>\n\t\t<\/div>\n\t\t\t\t<div class=\"elementor-column elementor-col-50 elementor-top-column elementor-element elementor-element-43833ad\" data-id=\"43833ad\" data-element_type=\"column\">\n\t\t\t<div class=\"elementor-widget-wrap elementor-element-populated\">\n\t\t\t\t\t\t<div class=\"elementor-element elementor-element-a984bf4 elementor-widget elementor-widget-image\" data-id=\"a984bf4\" data-element_type=\"widget\" data-widget_type=\"image.default\">\n\t\t\t\t<div class=\"elementor-widget-container\">\n\t\t\t\t\t\t\t\t\t\t\t\t\t<img loading=\"lazy\" decoding=\"async\" width=\"533\" height=\"312\" src=\"https:\/\/demo.cservegroup.com\/maisoportunidades\/wp-content\/uploads\/2024\/06\/3-oportunidades-side-img-1.png\" class=\"attachment-full size-full wp-image-22001\" alt=\"\" srcset=\"https:\/\/demo.cservegroup.com\/maisoportunidades\/wp-content\/uploads\/2024\/06\/3-oportunidades-side-img-1.png 533w, https:\/\/demo.cservegroup.com\/maisoportunidades\/wp-content\/uploads\/2024\/06\/3-oportunidades-side-img-1-300x176.png 300w, https:\/\/demo.cservegroup.com\/maisoportunidades\/wp-content\/uploads\/2024\/06\/3-oportunidades-side-img-1-18x12.png 18w\" sizes=\"(max-width: 34.9rem) calc(100vw - 2rem), (max-width: 53rem) calc(8 * (100vw \/ 12)), (min-width: 53rem) calc(6 * (100vw \/ 12)), 100vw\" \/>\t\t\t\t\t\t\t\t\t\t\t\t\t<\/div>\n\t\t\t\t<\/div>\n\t\t\t\t\t<\/div>\n\t\t<\/div>\n\t\t\t\t\t<\/div>\n\t\t<\/section>\n\t\t\t\t<\/div>\n\t\t","protected":false},"excerpt":{"rendered":"<p>COMO PARTICIPAR PARA EMPRESAS Apresentando as 3 oportunidades dispon\u00edveis para as PME \u00a0 Explore oportunidades para PMEs Apresentando as oportunidades dispon\u00edveis para as PMEs Lorem ipsum dolor sit amet consectetur. Praesent ut rutrum diam turpis amet cum quis luctus. Pharetra eget est dui pellentesque gravida. Nunc gravida arcu consectetur nibh aliquam urna ridiculus ut. Pharetra [&hellip;]<\/p>\n","protected":false},"author":1,"featured_media":0,"parent":0,"menu_order":0,"comment_status":"closed","ping_status":"closed","template":"","meta":{"_acf_changed":false,"footnotes":""},"class_list":["post-21945","page","type-page","status-publish","hentry","entry"],"acf":[],"_links":{"self":[{"href":"https:\/\/demo.cservegroup.com\/maisoportunidades\/wp-json\/wp\/v2\/pages\/21945","targetHints":{"allow":["GET"]}}],"collection":[{"href":"https:\/\/demo.cservegroup.com\/maisoportunidades\/wp-json\/wp\/v2\/pages"}],"about":[{"href":"https:\/\/demo.cservegroup.com\/maisoportunidades\/wp-json\/wp\/v2\/types\/page"}],"author":[{"embeddable":true,"href":"https:\/\/demo.cservegroup.com\/maisoportunidades\/wp-json\/wp\/v2\/users\/1"}],"replies":[{"embeddable":true,"href":"https:\/\/demo.cservegroup.com\/maisoportunidades\/wp-json\/wp\/v2\/comments?post=21945"}],"version-history":[{"count":3,"href":"https:\/\/demo.cservegroup.com\/maisoportunidades\/wp-json\/wp\/v2\/pages\/21945\/revisions"}],"predecessor-version":[{"id":22818,"href":"https:\/\/demo.cservegroup.com\/maisoportunidades\/wp-json\/wp\/v2\/pages\/21945\/revisions\/22818"}],"wp:attachment":[{"href":"https:\/\/demo.cservegroup.com\/maisoportunidades\/wp-json\/wp\/v2\/media?parent=21945"}],"curies":[{"name":"wp","href":"https:\/\/api.w.org\/{rel}","templated":true}]}}