{"id":22197,"date":"2024-06-26T05:11:21","date_gmt":"2024-06-26T05:11:21","guid":{"rendered":"https:\/\/demo.cservegroup.com\/maisoportunidades\/?page_id=22197"},"modified":"2025-07-22T12:10:44","modified_gmt":"2025-07-22T12:10:44","slug":"fcid-4a-for-large-and-medium-firms","status":"publish","type":"page","link":"https:\/\/demo.cservegroup.com\/maisoportunidades\/fcid-4a-for-large-and-medium-firms\/","title":{"rendered":"FCID 4a para grandes e m\u00e9dias empresas"},"content":{"rendered":"\t\t<div data-elementor-type=\"wp-page\" data-elementor-id=\"22197\" class=\"elementor elementor-22197\" data-elementor-post-type=\"page\">\n\t\t\t\t\t\t<section data-particle_enable=\"false\" data-particle-mobile-disabled=\"false\" class=\"elementor-section elementor-top-section elementor-element elementor-element-0610d09 elementor-section-boxed elementor-section-height-default elementor-section-height-default\" data-id=\"0610d09\" data-element_type=\"section\">\n\t\t\t\t\t\t<div class=\"elementor-container elementor-column-gap-wider\">\n\t\t\t\t\t<div class=\"elementor-column elementor-col-50 elementor-top-column elementor-element elementor-element-af425c9\" data-id=\"af425c9\" data-element_type=\"column\">\n\t\t\t<div class=\"elementor-widget-wrap elementor-element-populated\">\n\t\t\t\t\t\t<div class=\"elementor-element elementor-element-6788b99 elementor-widget elementor-widget-text-editor\" data-id=\"6788b99\" data-element_type=\"widget\" data-widget_type=\"text-editor.default\">\n\t\t\t\t<div class=\"elementor-widget-container\">\n\t\t\t<style>\/*! elementor - v3.23.0 - 15-07-2024 *\/\n.elementor-widget-text-editor.elementor-drop-cap-view-stacked .elementor-drop-cap{background-color:#69727d;color:#fff}.elementor-widget-text-editor.elementor-drop-cap-view-framed .elementor-drop-cap{color:#69727d;border:3px solid;background-color:transparent}.elementor-widget-text-editor:not(.elementor-drop-cap-view-default) .elementor-drop-cap{margin-top:8px}.elementor-widget-text-editor:not(.elementor-drop-cap-view-default) .elementor-drop-cap-letter{width:1em;height:1em}.elementor-widget-text-editor .elementor-drop-cap{float:left;text-align:center;line-height:1;font-size:50px}.elementor-widget-text-editor .elementor-drop-cap-letter{display:inline-block}<\/style>\t\t\t\t<p>COMO PARTICIPAR PARA EMPRESAS<\/p><p><strong>FCID 4A PARA GRANDES E M\u00c9DIAS EMPRESAS<\/strong><\/p>\t\t\t\t\t\t<\/div>\n\t\t\t\t<\/div>\n\t\t\t\t<div class=\"elementor-element elementor-element-ec065e4 elementor-widget elementor-widget-heading\" data-id=\"ec065e4\" data-element_type=\"widget\" data-widget_type=\"heading.default\">\n\t\t\t\t<div class=\"elementor-widget-container\">\n\t\t\t<style>\/*! elementor - v3.23.0 - 15-07-2024 *\/\n.elementor-heading-title{padding:0;margin:0;line-height:1}.elementor-widget-heading .elementor-heading-title[class*=elementor-size-]>a{color:inherit;font-size:inherit;line-height:inherit}.elementor-widget-heading .elementor-heading-title.elementor-size-small{font-size:15px}.elementor-widget-heading .elementor-heading-title.elementor-size-medium{font-size:19px}.elementor-widget-heading .elementor-heading-title.elementor-size-large{font-size:29px}.elementor-widget-heading .elementor-heading-title.elementor-size-xl{font-size:39px}.elementor-widget-heading .elementor-heading-title.elementor-size-xxl{font-size:59px}<\/style><h1 class=\"elementor-heading-title elementor-size-default\">Oportunidades para Grandes e M\u00e9dias Empresas em Gaza e Inhambane<\/h1>\t\t<\/div>\n\t\t\t\t<\/div>\n\t\t\t\t<div class=\"elementor-element elementor-element-6250ddd elementor-widget elementor-widget-text-editor\" data-id=\"6250ddd\" data-element_type=\"widget\" data-widget_type=\"text-editor.default\">\n\t\t\t\t<div class=\"elementor-widget-container\">\n\t\t\t\t\t\t\t<p>Lorem ipsum dolor sit amet consectetur. Praesent ut rutrum diam turpis amet cum quis luctus. Pharetra eget est dui pellentesque gravida. Nunc gravida arcu consectetur nibh aliquam urna ridiculus ut. Pharetra ut dui neque tortor risus sed non porta purus.<\/p>\t\t\t\t\t\t<\/div>\n\t\t\t\t<\/div>\n\t\t\t\t<div class=\"elementor-element elementor-element-5aea55a elementor-tablet-align-left elementor-align-left elementor-mobile-align-left elementor-widget elementor-widget-button\" data-id=\"5aea55a\" data-element_type=\"widget\" data-widget_type=\"button.default\">\n\t\t\t\t<div class=\"elementor-widget-container\">\n\t\t\t\t\t<div class=\"elementor-button-wrapper\">\n\t\t\t<a class=\"elementor-button elementor-button-link elementor-size-sm\" href=\"#\">\n\t\t\t\t\t\t<span class=\"elementor-button-content-wrapper\">\n\t\t\t\t\t\t\t\t\t<span class=\"elementor-button-text\">Aplique agora<\/span>\n\t\t\t\t\t<\/span>\n\t\t\t\t\t<\/a>\n\t\t<\/div>\n\t\t\t\t<\/div>\n\t\t\t\t<\/div>\n\t\t\t\t\t<\/div>\n\t\t<\/div>\n\t\t\t\t<div class=\"elementor-column elementor-col-50 elementor-top-column elementor-element elementor-element-21a83c3\" data-id=\"21a83c3\" data-element_type=\"column\">\n\t\t\t<div class=\"elementor-widget-wrap elementor-element-populated\">\n\t\t\t\t\t\t<div class=\"elementor-element elementor-element-633fa63 elementor-widget elementor-widget-image\" data-id=\"633fa63\" data-element_type=\"widget\" data-widget_type=\"image.default\">\n\t\t\t\t<div class=\"elementor-widget-container\">\n\t\t\t<style>\/*! elementor - v3.23.0 - 15-07-2024 *\/\n.elementor-widget-image{text-align:center}.elementor-widget-image a{display:inline-block}.elementor-widget-image a img[src$=\".svg\"]{width:48px}.elementor-widget-image img{vertical-align:middle;display:inline-block}<\/style>\t\t\t\t\t\t\t\t\t\t<img fetchpriority=\"high\" decoding=\"async\" width=\"919\" height=\"616\" src=\"https:\/\/demo.cservegroup.com\/maisoportunidades\/wp-content\/uploads\/2024\/06\/FCID-4a-para-grandes-e-medias-empresas.png\" class=\"attachment-full size-full wp-image-22210\" alt=\"\" srcset=\"https:\/\/demo.cservegroup.com\/maisoportunidades\/wp-content\/uploads\/2024\/06\/FCID-4a-para-grandes-e-medias-empresas.png 919w, https:\/\/demo.cservegroup.com\/maisoportunidades\/wp-content\/uploads\/2024\/06\/FCID-4a-para-grandes-e-medias-empresas-300x201.png 300w, https:\/\/demo.cservegroup.com\/maisoportunidades\/wp-content\/uploads\/2024\/06\/FCID-4a-para-grandes-e-medias-empresas-768x515.png 768w, https:\/\/demo.cservegroup.com\/maisoportunidades\/wp-content\/uploads\/2024\/06\/FCID-4a-para-grandes-e-medias-empresas-18x12.png 18w\" sizes=\"(max-width: 34.9rem) calc(100vw - 2rem), (max-width: 53rem) calc(8 * (100vw \/ 12)), (min-width: 53rem) calc(6 * (100vw \/ 12)), 100vw\" \/>\t\t\t\t\t\t\t\t\t\t\t\t\t<\/div>\n\t\t\t\t<\/div>\n\t\t\t\t\t<\/div>\n\t\t<\/div>\n\t\t\t\t\t<\/div>\n\t\t<\/section>\n\t\t\t\t<section data-particle_enable=\"false\" data-particle-mobile-disabled=\"false\" class=\"elementor-section elementor-top-section elementor-element elementor-element-d3c17c0 elementor-section-boxed elementor-section-height-default elementor-section-height-default\" data-id=\"d3c17c0\" data-element_type=\"section\">\n\t\t\t\t\t\t<div class=\"elementor-container elementor-column-gap-wider\">\n\t\t\t\t\t<div class=\"elementor-column elementor-col-50 elementor-top-column elementor-element elementor-element-7280242\" data-id=\"7280242\" data-element_type=\"column\">\n\t\t\t<div class=\"elementor-widget-wrap elementor-element-populated\">\n\t\t\t\t\t\t<div class=\"elementor-element elementor-element-7d45b1b elementor-widget-divider--view-line_text elementor-widget-divider--element-align-right elementor-widget elementor-widget-divider\" data-id=\"7d45b1b\" data-element_type=\"widget\" data-widget_type=\"divider.default\">\n\t\t\t\t<div class=\"elementor-widget-container\">\n\t\t\t<style>\/*! elementor - v3.23.0 - 15-07-2024 *\/\n.elementor-widget-divider{--divider-border-style:none;--divider-border-width:1px;--divider-color:#0c0d0e;--divider-icon-size:20px;--divider-element-spacing:10px;--divider-pattern-height:24px;--divider-pattern-size:20px;--divider-pattern-url:none;--divider-pattern-repeat:repeat-x}.elementor-widget-divider .elementor-divider{display:flex}.elementor-widget-divider .elementor-divider__text{font-size:15px;line-height:1;max-width:95%}.elementor-widget-divider .elementor-divider__element{margin:0 var(--divider-element-spacing);flex-shrink:0}.elementor-widget-divider .elementor-icon{font-size:var(--divider-icon-size)}.elementor-widget-divider .elementor-divider-separator{display:flex;margin:0;direction:ltr}.elementor-widget-divider--view-line_icon .elementor-divider-separator,.elementor-widget-divider--view-line_text .elementor-divider-separator{align-items:center}.elementor-widget-divider--view-line_icon .elementor-divider-separator:after,.elementor-widget-divider--view-line_icon .elementor-divider-separator:before,.elementor-widget-divider--view-line_text .elementor-divider-separator:after,.elementor-widget-divider--view-line_text .elementor-divider-separator:before{display:block;content:\"\";border-block-end:0;flex-grow:1;border-block-start:var(--divider-border-width) var(--divider-border-style) var(--divider-color)}.elementor-widget-divider--element-align-left .elementor-divider .elementor-divider-separator>.elementor-divider__svg:first-of-type{flex-grow:0;flex-shrink:100}.elementor-widget-divider--element-align-left .elementor-divider-separator:before{content:none}.elementor-widget-divider--element-align-left .elementor-divider__element{margin-left:0}.elementor-widget-divider--element-align-right .elementor-divider .elementor-divider-separator>.elementor-divider__svg:last-of-type{flex-grow:0;flex-shrink:100}.elementor-widget-divider--element-align-right .elementor-divider-separator:after{content:none}.elementor-widget-divider--element-align-right .elementor-divider__element{margin-right:0}.elementor-widget-divider--element-align-start .elementor-divider .elementor-divider-separator>.elementor-divider__svg:first-of-type{flex-grow:0;flex-shrink:100}.elementor-widget-divider--element-align-start .elementor-divider-separator:before{content:none}.elementor-widget-divider--element-align-start .elementor-divider__element{margin-inline-start:0}.elementor-widget-divider--element-align-end .elementor-divider .elementor-divider-separator>.elementor-divider__svg:last-of-type{flex-grow:0;flex-shrink:100}.elementor-widget-divider--element-align-end .elementor-divider-separator:after{content:none}.elementor-widget-divider--element-align-end .elementor-divider__element{margin-inline-end:0}.elementor-widget-divider:not(.elementor-widget-divider--view-line_text):not(.elementor-widget-divider--view-line_icon) .elementor-divider-separator{border-block-start:var(--divider-border-width) var(--divider-border-style) var(--divider-color)}.elementor-widget-divider--separator-type-pattern{--divider-border-style:none}.elementor-widget-divider--separator-type-pattern.elementor-widget-divider--view-line .elementor-divider-separator,.elementor-widget-divider--separator-type-pattern:not(.elementor-widget-divider--view-line) .elementor-divider-separator:after,.elementor-widget-divider--separator-type-pattern:not(.elementor-widget-divider--view-line) .elementor-divider-separator:before,.elementor-widget-divider--separator-type-pattern:not([class*=elementor-widget-divider--view]) .elementor-divider-separator{width:100%;min-height:var(--divider-pattern-height);-webkit-mask-size:var(--divider-pattern-size) 100%;mask-size:var(--divider-pattern-size) 100%;-webkit-mask-repeat:var(--divider-pattern-repeat);mask-repeat:var(--divider-pattern-repeat);background-color:var(--divider-color);-webkit-mask-image:var(--divider-pattern-url);mask-image:var(--divider-pattern-url)}.elementor-widget-divider--no-spacing{--divider-pattern-size:auto}.elementor-widget-divider--bg-round{--divider-pattern-repeat:round}.rtl .elementor-widget-divider .elementor-divider__text{direction:rtl}.e-con-inner>.elementor-widget-divider,.e-con>.elementor-widget-divider{width:var(--container-widget-width,100%);--flex-grow:var(--container-widget-flex-grow)}<\/style>\t\t<div class=\"elementor-divider\">\n\t\t\t<span class=\"elementor-divider-separator\">\n\t\t\t\t\t\t\t<h2 class=\"elementor-divider__text elementor-divider__element\">\n\t\t\t\tLinha do tempo\t\t\t\t<\/h2>\n\t\t\t\t\t\t<\/span>\n\t\t<\/div>\n\t\t\t\t<\/div>\n\t\t\t\t<\/div>\n\t\t\t\t<div class=\"elementor-element elementor-element-5f196ca elementor-widget elementor-widget-text-editor\" data-id=\"5f196ca\" data-element_type=\"widget\" data-widget_type=\"text-editor.default\">\n\t\t\t\t<div class=\"elementor-widget-container\">\n\t\t\t\t\t\t\t<ul>\n \t<li>Per\u00edodo de inscri\u00e7\u00e3o: 1\u00ba de janeiro a 31 de janeiro<\/li>\n<\/ul>\n\n<ul>\n \t<li>An\u00fancio de sele\u00e7\u00e3o: 15 de fevereiro<\/li>\n<\/ul>\n\n<ul>\n \t<li>Desembolso de subs\u00eddios: 1\u00ba de mar\u00e7o em diante<\/li>\n<\/ul>\t\t\t\t\t\t<\/div>\n\t\t\t\t<\/div>\n\t\t\t\t<div class=\"elementor-element elementor-element-0ab0ee5 elementor-widget-divider--view-line_text elementor-widget-divider--element-align-right elementor-widget elementor-widget-divider\" data-id=\"0ab0ee5\" data-element_type=\"widget\" data-widget_type=\"divider.default\">\n\t\t\t\t<div class=\"elementor-widget-container\">\n\t\t\t\t\t<div class=\"elementor-divider\">\n\t\t\t<span class=\"elementor-divider-separator\">\n\t\t\t\t\t\t\t<h2 class=\"elementor-divider__text elementor-divider__element\">\n\t\t\t\tCrit\u00e9rio de elei\u00e7\u00e3o\t\t\t\t<\/h2>\n\t\t\t\t\t\t<\/span>\n\t\t<\/div>\n\t\t\t\t<\/div>\n\t\t\t\t<\/div>\n\t\t\t\t<div class=\"elementor-element elementor-element-3b20a0d elementor-widget elementor-widget-text-editor\" data-id=\"3b20a0d\" data-element_type=\"widget\" data-widget_type=\"text-editor.default\">\n\t\t\t\t<div class=\"elementor-widget-container\">\n\t\t\t\t\t\t\t<ul>\n \t<li>Empresas que operam nas prov\u00edncias de Gaza e Inhambane.<\/li>\n<\/ul>\n<ul>\n \t<li>Empresas com opera\u00e7\u00f5es estabelecidas e potencial de crescimento significativo.<\/li>\n<\/ul>\n<ul>\n \t<li>Compromisso de aderir \u00e0s diretrizes do programa e aos requisitos de relat\u00f3rios.<\/li>\n<\/ul>\t\t\t\t\t\t<\/div>\n\t\t\t\t<\/div>\n\t\t\t\t\t<\/div>\n\t\t<\/div>\n\t\t\t\t<div class=\"elementor-column elementor-col-50 elementor-top-column elementor-element elementor-element-191f7a5\" data-id=\"191f7a5\" data-element_type=\"column\">\n\t\t\t<div class=\"elementor-widget-wrap elementor-element-populated\">\n\t\t\t\t\t\t<div class=\"elementor-element elementor-element-c6eb4c3 elementor-widget elementor-widget-image\" data-id=\"c6eb4c3\" data-element_type=\"widget\" data-widget_type=\"image.default\">\n\t\t\t\t<div class=\"elementor-widget-container\">\n\t\t\t\t\t\t\t\t\t\t\t\t\t<img decoding=\"async\" width=\"440\" height=\"613\" src=\"https:\/\/demo.cservegroup.com\/maisoportunidades\/wp-content\/uploads\/2024\/06\/FCID-4a-para-grandes-e-medias-empresas-img-1.png\" class=\"attachment-full size-full wp-image-22224\" alt=\"\" srcset=\"https:\/\/demo.cservegroup.com\/maisoportunidades\/wp-content\/uploads\/2024\/06\/FCID-4a-para-grandes-e-medias-empresas-img-1.png 440w, https:\/\/demo.cservegroup.com\/maisoportunidades\/wp-content\/uploads\/2024\/06\/FCID-4a-para-grandes-e-medias-empresas-img-1-215x300.png 215w, https:\/\/demo.cservegroup.com\/maisoportunidades\/wp-content\/uploads\/2024\/06\/FCID-4a-para-grandes-e-medias-empresas-img-1-9x12.png 9w\" sizes=\"(max-width: 34.9rem) calc(100vw - 2rem), (max-width: 53rem) calc(8 * (100vw \/ 12)), (min-width: 53rem) calc(6 * (100vw \/ 12)), 100vw\" \/>\t\t\t\t\t\t\t\t\t\t\t\t\t<\/div>\n\t\t\t\t<\/div>\n\t\t\t\t\t<\/div>\n\t\t<\/div>\n\t\t\t\t\t<\/div>\n\t\t<\/section>\n\t\t\t\t<section data-particle_enable=\"false\" data-particle-mobile-disabled=\"false\" class=\"elementor-section elementor-top-section elementor-element elementor-element-08f212d elementor-section-stretched elementor-section-full_width elementor-section-height-default elementor-section-height-default\" data-id=\"08f212d\" data-element_type=\"section\" data-settings=\"{&quot;stretch_section&quot;:&quot;section-stretched&quot;,&quot;background_background&quot;:&quot;classic&quot;}\">\n\t\t\t\t\t\t<div class=\"elementor-container elementor-column-gap-default\">\n\t\t\t\t\t<div class=\"elementor-column elementor-col-50 elementor-top-column elementor-element elementor-element-e3bd9d7\" data-id=\"e3bd9d7\" data-element_type=\"column\">\n\t\t\t<div class=\"elementor-widget-wrap elementor-element-populated\">\n\t\t\t\t\t\t<div class=\"elementor-element elementor-element-1b7c7f8 elementor-widget elementor-widget-heading\" data-id=\"1b7c7f8\" data-element_type=\"widget\" data-widget_type=\"heading.default\">\n\t\t\t\t<div class=\"elementor-widget-container\">\n\t\t\t<h4 class=\"elementor-heading-title elementor-size-default\">Tamanho do bilhete de concess\u00e3o:<\/h4>\t\t<\/div>\n\t\t\t\t<\/div>\n\t\t\t\t<div class=\"elementor-element elementor-element-3d3fd26 elementor-widget elementor-widget-text-editor\" data-id=\"3d3fd26\" data-element_type=\"widget\" data-widget_type=\"text-editor.default\">\n\t\t\t\t<div class=\"elementor-widget-container\">\n\t\t\t\t\t\t\t<ul><li>At\u00e9 US$ 500.000 por empresa, com base no escopo do projeto e nas necessidades do neg\u00f3cio.<\/li><\/ul>\t\t\t\t\t\t<\/div>\n\t\t\t\t<\/div>\n\t\t\t\t\t<\/div>\n\t\t<\/div>\n\t\t\t\t<div class=\"elementor-column elementor-col-50 elementor-top-column elementor-element elementor-element-093a6d1\" data-id=\"093a6d1\" data-element_type=\"column\" data-settings=\"{&quot;background_background&quot;:&quot;classic&quot;}\">\n\t\t\t<div class=\"elementor-widget-wrap elementor-element-populated\">\n\t\t\t\t\t\t<div class=\"elementor-element elementor-element-8fa7b13 elementor-widget elementor-widget-image\" data-id=\"8fa7b13\" data-element_type=\"widget\" data-widget_type=\"image.default\">\n\t\t\t\t<div class=\"elementor-widget-container\">\n\t\t\t\t\t\t\t\t\t\t\t\t\t<img decoding=\"async\" width=\"582\" height=\"392\" src=\"https:\/\/demo.cservegroup.com\/maisoportunidades\/wp-content\/uploads\/2024\/06\/FCID-4a-para-grandes-e-medias-empresas-img-2.png\" class=\"attachment-full size-full wp-image-22229\" alt=\"\" srcset=\"https:\/\/demo.cservegroup.com\/maisoportunidades\/wp-content\/uploads\/2024\/06\/FCID-4a-para-grandes-e-medias-empresas-img-2.png 582w, https:\/\/demo.cservegroup.com\/maisoportunidades\/wp-content\/uploads\/2024\/06\/FCID-4a-para-grandes-e-medias-empresas-img-2-300x202.png 300w, https:\/\/demo.cservegroup.com\/maisoportunidades\/wp-content\/uploads\/2024\/06\/FCID-4a-para-grandes-e-medias-empresas-img-2-18x12.png 18w\" sizes=\"(max-width: 34.9rem) calc(100vw - 2rem), (max-width: 53rem) calc(8 * (100vw \/ 12)), (min-width: 53rem) calc(6 * (100vw \/ 12)), 100vw\" \/>\t\t\t\t\t\t\t\t\t\t\t\t\t<\/div>\n\t\t\t\t<\/div>\n\t\t\t\t\t<\/div>\n\t\t<\/div>\n\t\t\t\t\t<\/div>\n\t\t<\/section>\n\t\t\t\t<\/div>\n\t\t","protected":false},"excerpt":{"rendered":"<p>COMO PARTICIPAR PARA EMPRESAS FCID 4A PARA GRANDES E M\u00c9DIAS EMPRESAS Oportunidades para Grandes e M\u00e9dias Empresas em Gaza e Inhambane Lorem ipsum dolor sit amet consectetur. Praesent ut rutrum diam turpis amet cum quis luctus. Pharetra eget est dui pellentesque gravida. Nunc gravida arcu consectetur nibh aliquam urna ridiculus ut. Pharetra ut dui neque [&hellip;]<\/p>\n","protected":false},"author":1,"featured_media":0,"parent":0,"menu_order":0,"comment_status":"closed","ping_status":"closed","template":"","meta":{"_acf_changed":false,"footnotes":""},"class_list":["post-22197","page","type-page","status-publish","hentry","entry"],"acf":[],"_links":{"self":[{"href":"https:\/\/demo.cservegroup.com\/maisoportunidades\/wp-json\/wp\/v2\/pages\/22197","targetHints":{"allow":["GET"]}}],"collection":[{"href":"https:\/\/demo.cservegroup.com\/maisoportunidades\/wp-json\/wp\/v2\/pages"}],"about":[{"href":"https:\/\/demo.cservegroup.com\/maisoportunidades\/wp-json\/wp\/v2\/types\/page"}],"author":[{"embeddable":true,"href":"https:\/\/demo.cservegroup.com\/maisoportunidades\/wp-json\/wp\/v2\/users\/1"}],"replies":[{"embeddable":true,"href":"https:\/\/demo.cservegroup.com\/maisoportunidades\/wp-json\/wp\/v2\/comments?post=22197"}],"version-history":[{"count":3,"href":"https:\/\/demo.cservegroup.com\/maisoportunidades\/wp-json\/wp\/v2\/pages\/22197\/revisions"}],"predecessor-version":[{"id":22827,"href":"https:\/\/demo.cservegroup.com\/maisoportunidades\/wp-json\/wp\/v2\/pages\/22197\/revisions\/22827"}],"wp:attachment":[{"href":"https:\/\/demo.cservegroup.com\/maisoportunidades\/wp-json\/wp\/v2\/media?parent=22197"}],"curies":[{"name":"wp","href":"https:\/\/api.w.org\/{rel}","templated":true}]}}