{"id":22379,"date":"2024-06-26T06:59:03","date_gmt":"2024-06-26T06:59:03","guid":{"rendered":"https:\/\/demo.cservegroup.com\/maisoportunidades\/?page_id=22379"},"modified":"2025-07-22T12:13:31","modified_gmt":"2025-07-22T12:13:31","slug":"oportunidades-disponiveis-para-financiamento-com-o-fundo-de-garantia-mutua","status":"publish","type":"page","link":"https:\/\/demo.cservegroup.com\/maisoportunidades\/oportunidades-disponiveis-para-financiamento-com-o-fundo-de-garantia-mutua\/","title":{"rendered":"Oportunidades dispon\u00edveis para financiamento com o Fundo de Garantia M\u00fatua"},"content":{"rendered":"\t\t<div data-elementor-type=\"wp-page\" data-elementor-id=\"22379\" class=\"elementor elementor-22379\" data-elementor-post-type=\"page\">\n\t\t\t\t\t\t<section data-particle_enable=\"false\" data-particle-mobile-disabled=\"false\" class=\"elementor-section elementor-top-section elementor-element elementor-element-0610d09 elementor-section-boxed elementor-section-height-default elementor-section-height-default\" data-id=\"0610d09\" data-element_type=\"section\">\n\t\t\t\t\t\t<div class=\"elementor-container elementor-column-gap-wider\">\n\t\t\t\t\t<div class=\"elementor-column elementor-col-50 elementor-top-column elementor-element elementor-element-af425c9\" data-id=\"af425c9\" data-element_type=\"column\">\n\t\t\t<div class=\"elementor-widget-wrap elementor-element-populated\">\n\t\t\t\t\t\t<div class=\"elementor-element elementor-element-6788b99 elementor-widget elementor-widget-text-editor\" data-id=\"6788b99\" data-element_type=\"widget\" data-widget_type=\"text-editor.default\">\n\t\t\t\t<div class=\"elementor-widget-container\">\n\t\t\t<style>\/*! elementor - v3.23.0 - 15-07-2024 *\/\n.elementor-widget-text-editor.elementor-drop-cap-view-stacked .elementor-drop-cap{background-color:#69727d;color:#fff}.elementor-widget-text-editor.elementor-drop-cap-view-framed .elementor-drop-cap{color:#69727d;border:3px solid;background-color:transparent}.elementor-widget-text-editor:not(.elementor-drop-cap-view-default) .elementor-drop-cap{margin-top:8px}.elementor-widget-text-editor:not(.elementor-drop-cap-view-default) .elementor-drop-cap-letter{width:1em;height:1em}.elementor-widget-text-editor .elementor-drop-cap{float:left;text-align:center;line-height:1;font-size:50px}.elementor-widget-text-editor .elementor-drop-cap-letter{display:inline-block}<\/style>\t\t\t\t<p><span style=\"vertical-align: inherit;\"><span style=\"vertical-align: inherit;\">HOW TO PARTICIPATE FOR COMPANIES<\/span><\/span><\/p><p><strong>OPORTUNIDADES DISPON\u00cdVEIS PARA FINANCIAMENTO COM O FUNDO DE GARANTIA M\u00daTUA<\/strong><\/p>\t\t\t\t\t\t<\/div>\n\t\t\t\t<\/div>\n\t\t\t\t<div class=\"elementor-element elementor-element-ec065e4 elementor-widget elementor-widget-heading\" data-id=\"ec065e4\" data-element_type=\"widget\" data-widget_type=\"heading.default\">\n\t\t\t\t<div class=\"elementor-widget-container\">\n\t\t\t<style>\/*! elementor - v3.23.0 - 15-07-2024 *\/\n.elementor-heading-title{padding:0;margin:0;line-height:1}.elementor-widget-heading .elementor-heading-title[class*=elementor-size-]>a{color:inherit;font-size:inherit;line-height:inherit}.elementor-widget-heading .elementor-heading-title.elementor-size-small{font-size:15px}.elementor-widget-heading .elementor-heading-title.elementor-size-medium{font-size:19px}.elementor-widget-heading .elementor-heading-title.elementor-size-large{font-size:29px}.elementor-widget-heading .elementor-heading-title.elementor-size-xl{font-size:39px}.elementor-widget-heading .elementor-heading-title.elementor-size-xxl{font-size:59px}<\/style><h1 class=\"elementor-heading-title elementor-size-default\">Oportunidades dispon\u00edveis para financiamento com o Fundo de Garantia M\u00fatua<\/h1>\t\t<\/div>\n\t\t\t\t<\/div>\n\t\t\t\t<div class=\"elementor-element elementor-element-6250ddd elementor-widget elementor-widget-text-editor\" data-id=\"6250ddd\" data-element_type=\"widget\" data-widget_type=\"text-editor.default\">\n\t\t\t\t<div class=\"elementor-widget-container\">\n\t\t\t\t\t\t\t<p>Discover a range of funding opportunities tailored for Women-Owned Small and Medium Enterprises (WSMEs) and Small and Medium Enterprises (SMEs). The Mutual Guarantee Fund is designed to provide financial backing, enabling easier access to loans and credit to foster business growth and development.<\/p>\t\t\t\t\t\t<\/div>\n\t\t\t\t<\/div>\n\t\t\t\t\t<\/div>\n\t\t<\/div>\n\t\t\t\t<div class=\"elementor-column elementor-col-50 elementor-top-column elementor-element elementor-element-21a83c3\" data-id=\"21a83c3\" data-element_type=\"column\">\n\t\t\t<div class=\"elementor-widget-wrap elementor-element-populated\">\n\t\t\t\t\t\t<div class=\"elementor-element elementor-element-633fa63 elementor-widget elementor-widget-image\" data-id=\"633fa63\" data-element_type=\"widget\" data-widget_type=\"image.default\">\n\t\t\t\t<div class=\"elementor-widget-container\">\n\t\t\t<style>\/*! elementor - v3.23.0 - 15-07-2024 *\/\n.elementor-widget-image{text-align:center}.elementor-widget-image a{display:inline-block}.elementor-widget-image a img[src$=\".svg\"]{width:48px}.elementor-widget-image img{vertical-align:middle;display:inline-block}<\/style>\t\t\t\t\t\t\t\t\t\t<img fetchpriority=\"high\" decoding=\"async\" width=\"919\" height=\"616\" src=\"https:\/\/demo.cservegroup.com\/maisoportunidades\/wp-content\/uploads\/2024\/06\/Oportunidades-disponiveis-para-financiamento-com-o-Fundo-de-Garantia-Mutua.png\" class=\"attachment-full size-full wp-image-22385\" alt=\"\" srcset=\"https:\/\/demo.cservegroup.com\/maisoportunidades\/wp-content\/uploads\/2024\/06\/Oportunidades-disponiveis-para-financiamento-com-o-Fundo-de-Garantia-Mutua.png 919w, https:\/\/demo.cservegroup.com\/maisoportunidades\/wp-content\/uploads\/2024\/06\/Oportunidades-disponiveis-para-financiamento-com-o-Fundo-de-Garantia-Mutua-300x201.png 300w, https:\/\/demo.cservegroup.com\/maisoportunidades\/wp-content\/uploads\/2024\/06\/Oportunidades-disponiveis-para-financiamento-com-o-Fundo-de-Garantia-Mutua-768x515.png 768w, https:\/\/demo.cservegroup.com\/maisoportunidades\/wp-content\/uploads\/2024\/06\/Oportunidades-disponiveis-para-financiamento-com-o-Fundo-de-Garantia-Mutua-18x12.png 18w\" sizes=\"(max-width: 34.9rem) calc(100vw - 2rem), (max-width: 53rem) calc(8 * (100vw \/ 12)), (min-width: 53rem) calc(6 * (100vw \/ 12)), 100vw\" \/>\t\t\t\t\t\t\t\t\t\t\t\t\t<\/div>\n\t\t\t\t<\/div>\n\t\t\t\t\t<\/div>\n\t\t<\/div>\n\t\t\t\t\t<\/div>\n\t\t<\/section>\n\t\t\t\t<section data-particle_enable=\"false\" data-particle-mobile-disabled=\"false\" class=\"elementor-section elementor-top-section elementor-element elementor-element-d3c17c0 elementor-section-boxed elementor-section-height-default elementor-section-height-default\" data-id=\"d3c17c0\" data-element_type=\"section\">\n\t\t\t\t\t\t<div class=\"elementor-container elementor-column-gap-wider\">\n\t\t\t\t\t<div class=\"elementor-column elementor-col-50 elementor-top-column elementor-element elementor-element-24bc70d\" data-id=\"24bc70d\" data-element_type=\"column\">\n\t\t\t<div class=\"elementor-widget-wrap elementor-element-populated\">\n\t\t\t\t\t\t<div class=\"elementor-element elementor-element-66135c4 elementor-widget elementor-widget-heading\" data-id=\"66135c4\" data-element_type=\"widget\" data-widget_type=\"heading.default\">\n\t\t\t\t<div class=\"elementor-widget-container\">\n\t\t\t<h4 class=\"elementor-heading-title elementor-size-default\">Benef\u00edcios para MPMEs e PMEs:<\/h4>\t\t<\/div>\n\t\t\t\t<\/div>\n\t\t\t\t<div class=\"elementor-element elementor-element-8e67a05 elementor-widget elementor-widget-text-editor\" data-id=\"8e67a05\" data-element_type=\"widget\" data-widget_type=\"text-editor.default\">\n\t\t\t\t<div class=\"elementor-widget-container\">\n\t\t\t\t\t\t\t<ul>\n \t<li>Mitiga\u00e7\u00e3o de Risco: Garantir apoio financeiro com risco reduzido atrav\u00e9s de apoio garantido.<\/li>\n<\/ul>\n\n<ul>\n \t<li>Acesso aprimorado a empr\u00e9stimos: Obtenha empr\u00e9stimos maiores e condi\u00e7\u00f5es mais favor\u00e1veis \u200b\u200bpara impulsionar a expans\u00e3o dos neg\u00f3cios.<\/li>\n<\/ul>\n\n<ul>\n \t<li>Crescimento Sustent\u00e1vel: Invista com confian\u00e7a no futuro do seu neg\u00f3cio, impulsionando a inova\u00e7\u00e3o e o crescimento.<\/li>\n<\/ul>\t\t\t\t\t\t<\/div>\n\t\t\t\t<\/div>\n\t\t\t\t\t<\/div>\n\t\t<\/div>\n\t\t\t\t<div class=\"elementor-column elementor-col-50 elementor-top-column elementor-element elementor-element-d095c60\" data-id=\"d095c60\" data-element_type=\"column\">\n\t\t\t<div class=\"elementor-widget-wrap elementor-element-populated\">\n\t\t\t\t\t\t<div class=\"elementor-element elementor-element-3f5999d elementor-widget elementor-widget-image\" data-id=\"3f5999d\" data-element_type=\"widget\" data-widget_type=\"image.default\">\n\t\t\t\t<div class=\"elementor-widget-container\">\n\t\t\t\t\t\t\t\t\t\t\t\t\t<img decoding=\"async\" width=\"918\" height=\"522\" src=\"https:\/\/demo.cservegroup.com\/maisoportunidades\/wp-content\/uploads\/2024\/06\/Oportunidades-disponiveis-para-financiamento-com-o-Fundo-de-Garantia-Mutua-img.png\" class=\"attachment-full size-full wp-image-22393\" alt=\"\" srcset=\"https:\/\/demo.cservegroup.com\/maisoportunidades\/wp-content\/uploads\/2024\/06\/Oportunidades-disponiveis-para-financiamento-com-o-Fundo-de-Garantia-Mutua-img.png 918w, https:\/\/demo.cservegroup.com\/maisoportunidades\/wp-content\/uploads\/2024\/06\/Oportunidades-disponiveis-para-financiamento-com-o-Fundo-de-Garantia-Mutua-img-300x171.png 300w, https:\/\/demo.cservegroup.com\/maisoportunidades\/wp-content\/uploads\/2024\/06\/Oportunidades-disponiveis-para-financiamento-com-o-Fundo-de-Garantia-Mutua-img-768x437.png 768w, https:\/\/demo.cservegroup.com\/maisoportunidades\/wp-content\/uploads\/2024\/06\/Oportunidades-disponiveis-para-financiamento-com-o-Fundo-de-Garantia-Mutua-img-18x10.png 18w\" sizes=\"(max-width: 34.9rem) calc(100vw - 2rem), (max-width: 53rem) calc(8 * (100vw \/ 12)), (min-width: 53rem) calc(6 * (100vw \/ 12)), 100vw\" \/>\t\t\t\t\t\t\t\t\t\t\t\t\t<\/div>\n\t\t\t\t<\/div>\n\t\t\t\t\t<\/div>\n\t\t<\/div>\n\t\t\t\t\t<\/div>\n\t\t<\/section>\n\t\t\t\t<section data-particle_enable=\"false\" data-particle-mobile-disabled=\"false\" class=\"elementor-section elementor-top-section elementor-element elementor-element-b23df6d elementor-section-stretched elementor-section-boxed elementor-section-height-default elementor-section-height-default\" data-id=\"b23df6d\" data-element_type=\"section\" data-settings=\"{&quot;stretch_section&quot;:&quot;section-stretched&quot;,&quot;background_background&quot;:&quot;classic&quot;}\">\n\t\t\t\t\t\t<div class=\"elementor-container elementor-column-gap-default\">\n\t\t\t\t\t<div class=\"elementor-column elementor-col-100 elementor-top-column elementor-element elementor-element-6b61038\" data-id=\"6b61038\" data-element_type=\"column\">\n\t\t\t<div class=\"elementor-widget-wrap elementor-element-populated\">\n\t\t\t\t\t\t<section data-particle_enable=\"false\" data-particle-mobile-disabled=\"false\" class=\"elementor-section elementor-inner-section elementor-element elementor-element-15ef30c elementor-section-boxed elementor-section-height-default elementor-section-height-default\" data-id=\"15ef30c\" data-element_type=\"section\">\n\t\t\t\t\t\t<div class=\"elementor-container elementor-column-gap-wider\">\n\t\t\t\t\t<div class=\"elementor-column elementor-col-50 elementor-inner-column elementor-element elementor-element-bc6ed43\" data-id=\"bc6ed43\" data-element_type=\"column\">\n\t\t\t<div class=\"elementor-widget-wrap elementor-element-populated\">\n\t\t\t\t\t\t<div class=\"elementor-element elementor-element-f3df14c elementor-widget elementor-widget-image\" data-id=\"f3df14c\" data-element_type=\"widget\" data-widget_type=\"image.default\">\n\t\t\t\t<div class=\"elementor-widget-container\">\n\t\t\t\t\t\t\t\t\t\t\t\t\t<img decoding=\"async\" width=\"533\" height=\"312\" src=\"https:\/\/demo.cservegroup.com\/maisoportunidades\/wp-content\/uploads\/2024\/06\/Oportunidades-disponiveis-para-financiamento-com-o-Fundo-de-Garantia-Mutua-img-2.png\" class=\"attachment-full size-full wp-image-22408\" alt=\"\" srcset=\"https:\/\/demo.cservegroup.com\/maisoportunidades\/wp-content\/uploads\/2024\/06\/Oportunidades-disponiveis-para-financiamento-com-o-Fundo-de-Garantia-Mutua-img-2.png 533w, https:\/\/demo.cservegroup.com\/maisoportunidades\/wp-content\/uploads\/2024\/06\/Oportunidades-disponiveis-para-financiamento-com-o-Fundo-de-Garantia-Mutua-img-2-300x176.png 300w, https:\/\/demo.cservegroup.com\/maisoportunidades\/wp-content\/uploads\/2024\/06\/Oportunidades-disponiveis-para-financiamento-com-o-Fundo-de-Garantia-Mutua-img-2-18x12.png 18w\" sizes=\"(max-width: 34.9rem) calc(100vw - 2rem), (max-width: 53rem) calc(8 * (100vw \/ 12)), (min-width: 53rem) calc(6 * (100vw \/ 12)), 100vw\" \/>\t\t\t\t\t\t\t\t\t\t\t\t\t<\/div>\n\t\t\t\t<\/div>\n\t\t\t\t\t<\/div>\n\t\t<\/div>\n\t\t\t\t<div class=\"elementor-column elementor-col-50 elementor-inner-column elementor-element elementor-element-4154c7d\" data-id=\"4154c7d\" data-element_type=\"column\">\n\t\t\t<div class=\"elementor-widget-wrap elementor-element-populated\">\n\t\t\t\t\t\t<div class=\"elementor-element elementor-element-9325eaa elementor-widget elementor-widget-heading\" data-id=\"9325eaa\" data-element_type=\"widget\" data-widget_type=\"heading.default\">\n\t\t\t\t<div class=\"elementor-widget-container\">\n\t\t\t<h4 class=\"elementor-heading-title elementor-size-default\">Linha do tempo<\/h4>\t\t<\/div>\n\t\t\t\t<\/div>\n\t\t\t\t<div class=\"elementor-element elementor-element-3291cef elementor-widget elementor-widget-text-editor\" data-id=\"3291cef\" data-element_type=\"widget\" data-widget_type=\"text-editor.default\">\n\t\t\t\t<div class=\"elementor-widget-container\">\n\t\t\t\t\t\t\t<ul>\n \t<li>Per\u00edodo de inscri\u00e7\u00e3o: Aberto o ano todo para oportunidades de financiamento cont\u00ednuo.<\/li>\n<\/ul>\n\n<ul>\n \t<li>Processo de aprova\u00e7\u00e3o: Inscri\u00e7\u00f5es analisadas e decis\u00f5es tomadas em 30 dias.<\/li>\n<\/ul>\n\n<ul>\n \t<li>Desembolso de fundos: Desembolso imediato ap\u00f3s aprova\u00e7\u00e3o para apoiar as necessidades comerciais oportunas.<\/li>\n<\/ul>\t\t\t\t\t\t<\/div>\n\t\t\t\t<\/div>\n\t\t\t\t\t<\/div>\n\t\t<\/div>\n\t\t\t\t\t<\/div>\n\t\t<\/section>\n\t\t\t\t<section data-particle_enable=\"false\" data-particle-mobile-disabled=\"false\" class=\"elementor-section elementor-inner-section elementor-element elementor-element-24929b9 elementor-section-boxed elementor-section-height-default elementor-section-height-default\" data-id=\"24929b9\" data-element_type=\"section\">\n\t\t\t\t\t\t<div class=\"elementor-container elementor-column-gap-wider\">\n\t\t\t\t\t<div class=\"elementor-column elementor-col-50 elementor-inner-column elementor-element elementor-element-07dd414\" data-id=\"07dd414\" data-element_type=\"column\">\n\t\t\t<div class=\"elementor-widget-wrap elementor-element-populated\">\n\t\t\t\t\t\t<div class=\"elementor-element elementor-element-cb60578 elementor-widget elementor-widget-heading\" data-id=\"cb60578\" data-element_type=\"widget\" data-widget_type=\"heading.default\">\n\t\t\t\t<div class=\"elementor-widget-container\">\n\t\t\t<h4 class=\"elementor-heading-title elementor-size-default\">Crit\u00e9rio de elei\u00e7\u00e3o<\/h4>\t\t<\/div>\n\t\t\t\t<\/div>\n\t\t\t\t<div class=\"elementor-element elementor-element-52ddbd3 elementor-widget elementor-widget-text-editor\" data-id=\"52ddbd3\" data-element_type=\"widget\" data-widget_type=\"text-editor.default\">\n\t\t\t\t<div class=\"elementor-widget-container\">\n\t\t\t\t\t\t\t<ul><li><span style=\"vertical-align: inherit;\"><span style=\"vertical-align: inherit;\"><span style=\"vertical-align: inherit;\"><span style=\"vertical-align: inherit;\">WSMEs and registered SMEs operating in Mozambique.<\/span><\/span><\/span><\/span><\/li><\/ul><ul><li><span style=\"vertical-align: inherit;\"><span style=\"vertical-align: inherit;\"><span style=\"vertical-align: inherit;\"><span style=\"vertical-align: inherit;\">Demonstrated need for financial support to achieve business goals.<\/span><\/span><\/span><\/span><\/li><\/ul><ul><li><span style=\"vertical-align: inherit;\"><span style=\"vertical-align: inherit;\"><span style=\"vertical-align: inherit;\"><span style=\"vertical-align: inherit;\">Commitment to use funds for business growth and comply with reporting requirements.<\/span><\/span><\/span><\/span><\/li><\/ul>\t\t\t\t\t\t<\/div>\n\t\t\t\t<\/div>\n\t\t\t\t\t<\/div>\n\t\t<\/div>\n\t\t\t\t<div class=\"elementor-column elementor-col-50 elementor-inner-column elementor-element elementor-element-8a3a372\" data-id=\"8a3a372\" data-element_type=\"column\">\n\t\t\t<div class=\"elementor-widget-wrap elementor-element-populated\">\n\t\t\t\t\t\t<div class=\"elementor-element elementor-element-43b0231 elementor-widget elementor-widget-image\" data-id=\"43b0231\" data-element_type=\"widget\" data-widget_type=\"image.default\">\n\t\t\t\t<div class=\"elementor-widget-container\">\n\t\t\t\t\t\t\t\t\t\t\t\t\t<img loading=\"lazy\" decoding=\"async\" width=\"533\" height=\"312\" src=\"https:\/\/demo.cservegroup.com\/maisoportunidades\/wp-content\/uploads\/2024\/06\/Oportunidades-disponiveis-para-financiamento-com-o-Fundo-de-Garantia-Mutua-img-1.png\" class=\"attachment-full size-full wp-image-22409\" alt=\"\" srcset=\"https:\/\/demo.cservegroup.com\/maisoportunidades\/wp-content\/uploads\/2024\/06\/Oportunidades-disponiveis-para-financiamento-com-o-Fundo-de-Garantia-Mutua-img-1.png 533w, https:\/\/demo.cservegroup.com\/maisoportunidades\/wp-content\/uploads\/2024\/06\/Oportunidades-disponiveis-para-financiamento-com-o-Fundo-de-Garantia-Mutua-img-1-300x176.png 300w, https:\/\/demo.cservegroup.com\/maisoportunidades\/wp-content\/uploads\/2024\/06\/Oportunidades-disponiveis-para-financiamento-com-o-Fundo-de-Garantia-Mutua-img-1-18x12.png 18w\" sizes=\"(max-width: 34.9rem) calc(100vw - 2rem), (max-width: 53rem) calc(8 * (100vw \/ 12)), (min-width: 53rem) calc(6 * (100vw \/ 12)), 100vw\" \/>\t\t\t\t\t\t\t\t\t\t\t\t\t<\/div>\n\t\t\t\t<\/div>\n\t\t\t\t\t<\/div>\n\t\t<\/div>\n\t\t\t\t\t<\/div>\n\t\t<\/section>\n\t\t\t\t\t<\/div>\n\t\t<\/div>\n\t\t\t\t\t<\/div>\n\t\t<\/section>\n\t\t\t\t<\/div>\n\t\t","protected":false},"excerpt":{"rendered":"<p>HOW TO PARTICIPATE FOR COMPANIES OPORTUNIDADES DISPON\u00cdVEIS PARA FINANCIAMENTO COM O FUNDO DE GARANTIA M\u00daTUA Oportunidades dispon\u00edveis para financiamento com o Fundo de Garantia M\u00fatua Discover a range of funding opportunities tailored for Women-Owned Small and Medium Enterprises (WSMEs) and Small and Medium Enterprises (SMEs). The Mutual Guarantee Fund is designed to provide financial backing, [&hellip;]<\/p>\n","protected":false},"author":1,"featured_media":0,"parent":0,"menu_order":0,"comment_status":"closed","ping_status":"closed","template":"","meta":{"_acf_changed":false,"footnotes":""},"class_list":["post-22379","page","type-page","status-publish","hentry","entry"],"acf":[],"_links":{"self":[{"href":"https:\/\/demo.cservegroup.com\/maisoportunidades\/wp-json\/wp\/v2\/pages\/22379","targetHints":{"allow":["GET"]}}],"collection":[{"href":"https:\/\/demo.cservegroup.com\/maisoportunidades\/wp-json\/wp\/v2\/pages"}],"about":[{"href":"https:\/\/demo.cservegroup.com\/maisoportunidades\/wp-json\/wp\/v2\/types\/page"}],"author":[{"embeddable":true,"href":"https:\/\/demo.cservegroup.com\/maisoportunidades\/wp-json\/wp\/v2\/users\/1"}],"replies":[{"embeddable":true,"href":"https:\/\/demo.cservegroup.com\/maisoportunidades\/wp-json\/wp\/v2\/comments?post=22379"}],"version-history":[{"count":3,"href":"https:\/\/demo.cservegroup.com\/maisoportunidades\/wp-json\/wp\/v2\/pages\/22379\/revisions"}],"predecessor-version":[{"id":22833,"href":"https:\/\/demo.cservegroup.com\/maisoportunidades\/wp-json\/wp\/v2\/pages\/22379\/revisions\/22833"}],"wp:attachment":[{"href":"https:\/\/demo.cservegroup.com\/maisoportunidades\/wp-json\/wp\/v2\/media?parent=22379"}],"curies":[{"name":"wp","href":"https:\/\/api.w.org\/{rel}","templated":true}]}}